{"id":5342,"date":"2025-03-24T14:26:54","date_gmt":"2025-03-24T13:26:54","guid":{"rendered":"https:\/\/www.imagineevents.es\/?page_id=5342"},"modified":"2025-03-24T16:09:38","modified_gmt":"2025-03-24T15:09:38","slug":"viajes-de-incentivo-a-japon-para-empresas","status":"publish","type":"page","link":"https:\/\/www.imagineevents.es\/?page_id=5342","title":{"rendered":"Viajes de incentivo a Jap\u00f3n para empresas"},"content":{"rendered":"\n<p>En Imagine Events somos especialistas en la organizaci\u00f3n de <strong>eventos corporativos, viajes de incentivo, team building y convenciones empresariales<\/strong> en Espa\u00f1a y a nivel internacional. Dise\u00f1amos experiencias a medida en destinos como <strong>Per\u00fa, Jap\u00f3n, Uzbekist\u00e1n y Panam\u00e1<\/strong>, as\u00ed como actividades de <strong>cohesi\u00f3n de equipo en Madrid, C\u00e1diz, Sevilla y Barcelona<\/strong>. Con un enfoque creativo, flexible y estrat\u00e9gico, convertimos cada proyecto en una herramienta real de motivaci\u00f3n, fidelizaci\u00f3n y desarrollo para tu empresa. Descubre c\u00f3mo transformar tus eventos en resultados.<\/p>\n\n\n\n<ul class=\"wp-block-list\">\n<li><strong><a href=\"https:\/\/www.imagineevents.es\/?page_id=5343\">Viajes corporativos de incentivo a Uzbekist\u00e1n<\/a><\/strong><\/li>\n\n\n\n<li><strong><a href=\"https:\/\/www.imagineevents.es\/?page_id=5344\">Planificaci\u00f3n de convenciones corporativas en Madrid<\/a><\/strong><\/li>\n\n\n\n<li><strong><a href=\"https:\/\/www.imagineevents.es\/?page_id=5345\">Viajes corporativos de incentivo a Per\u00fa<\/a><\/strong><\/li>\n\n\n\n<li><strong><a href=\"https:\/\/www.imagineevents.es\/?page_id=5341\">Agencia para convenciones y kick off<\/a><\/strong><\/li>\n\n\n\n<li><strong><a href=\"https:\/\/www.imagineevents.es\/?page_id=5346\">Actividades de team building en Madrid para empresas<\/a><\/strong><\/li>\n<\/ul>\n\n\n\n<p>Si est\u00e1s interesado en <strong>viajes de incentivo a Jap\u00f3n para empresas<\/strong> o en cualquiera de los servicios que ofrecemos, no dudes en contactarnos a trav\u00e9s del correo electr\u00f3nico <strong>imagine@imagineevents.es<\/strong> o llamando directamente al n\u00famero de tel\u00e9fono<strong> 910 029 017<\/strong>.<\/p>\n","protected":false},"excerpt":{"rendered":"<p>En Imagine Events somos especialistas en la organizaci\u00f3n de eventos corporativos, viajes de incentivo, team building y convenciones empresariales en Espa\u00f1a y a nivel internacional. Dise\u00f1amos experiencias a medida en destinos como Per\u00fa, Jap\u00f3n, Uzbekist\u00e1n y Panam\u00e1, as\u00ed como actividades de cohesi\u00f3n de equipo en Madrid, C\u00e1diz, Sevilla y Barcelona. Con un enfoque creativo, flexible [&hellip;]<\/p>\n","protected":false},"author":1,"featured_media":0,"parent":0,"menu_order":0,"comment_status":"closed","ping_status":"closed","template":"","meta":{"footnotes":""},"class_list":["post-5342","page","type-page","status-publish","hentry"],"_links":{"self":[{"href":"https:\/\/www.imagineevents.es\/index.php?rest_route=\/wp\/v2\/pages\/5342","targetHints":{"allow":["GET"]}}],"collection":[{"href":"https:\/\/www.imagineevents.es\/index.php?rest_route=\/wp\/v2\/pages"}],"about":[{"href":"https:\/\/www.imagineevents.es\/index.php?rest_route=\/wp\/v2\/types\/page"}],"author":[{"embeddable":true,"href":"https:\/\/www.imagineevents.es\/index.php?rest_route=\/wp\/v2\/users\/1"}],"replies":[{"embeddable":true,"href":"https:\/\/www.imagineevents.es\/index.php?rest_route=%2Fwp%2Fv2%2Fcomments&post=5342"}],"version-history":[{"count":3,"href":"https:\/\/www.imagineevents.es\/index.php?rest_route=\/wp\/v2\/pages\/5342\/revisions"}],"predecessor-version":[{"id":5362,"href":"https:\/\/www.imagineevents.es\/index.php?rest_route=\/wp\/v2\/pages\/5342\/revisions\/5362"}],"wp:attachment":[{"href":"https:\/\/www.imagineevents.es\/index.php?rest_route=%2Fwp%2Fv2%2Fmedia&parent=5342"}],"curies":[{"name":"wp","href":"https:\/\/api.w.org\/{rel}","templated":true}]}}