{"id":4780,"date":"2014-12-10T10:20:51","date_gmt":"2014-12-10T10:20:51","guid":{"rendered":"http:\/\/localhost:8888\/wordpress\/?page_id=4780"},"modified":"2023-01-28T22:17:42","modified_gmt":"2023-01-28T21:17:42","slug":"seguridad","status":"publish","type":"page","link":"https:\/\/www.imagineevents.es\/?page_id=4780","title":{"rendered":"Seguridad"},"content":{"rendered":"<p style=\"text-align: justify;\">MEDIDAS DE SEGURIDAD<\/p>\n<p style=\"text-align: justify;\">En cumplimiento de la normativa vigente, IMAGINE EVENTS SLL ha adoptado los niveles de seguridad de protecci\u00f3n de los Datos Personales legalmente requeridos, y procura instalar aquellos otros medios y medidas t\u00e9cnicas adicionales a su alcance para evitar la p\u00e9rdida, mal uso, alteraci\u00f3n, acceso no autorizado y robo de los Datos Personales facilitados por el Usuario. No obstante, el Usuario debe ser consciente de que las medidas de seguridad en Internet no son inexpugnables.<\/p>\n<p style=\"text-align: justify;\">IMAGINE EVENTS SLL no ser\u00e1 responsable de posibles da\u00f1os o perjuicios que se pudieran derivar de interferencias, omisiones, interrupciones, virus inform\u00e1ticos, aver\u00edas telef\u00f3nicas o desconexiones en el funcionamiento operativo de este sistema electr\u00f3nico, motivadas por causas ajenas al IMAGINE EVENTS SLL, de retrasos o bloqueos en el uso del presente sistema electr\u00f3nico causados por deficiencias o sobrecargas de l\u00edneas telef\u00f3nicas o sobrecargas en el Centro de Procesos de Datos, en el sistema de Internet o en otros sistemas electr\u00f3nicos, as\u00ed como de da\u00f1os que puedan ser causados por terceras personas mediante intromisiones ileg\u00edtimas fuera del control de IMAGINE EVENTS SLL.<\/p>\n<p style=\"text-align: justify;\">Por todo lo anterior, se le recomienda la m\u00e1xima diligencia en esta materia y la utilizaci\u00f3n de todas las herramientas de seguridad que tenga a su alcance, no responsabiliz\u00e1ndose el IMAGINE EVENTS SLL de sustracciones, modificaciones o p\u00e9rdidas de datos il\u00edcitas.<\/p>\n","protected":false},"excerpt":{"rendered":"<p>MEDIDAS DE SEGURIDAD En cumplimiento de la normativa vigente, IMAGINE EVENTS SLL ha adoptado los niveles de seguridad de protecci\u00f3n de los Datos Personales legalmente requeridos, y procura instalar aquellos otros medios y medidas t\u00e9cnicas adicionales a su alcance para evitar la p\u00e9rdida, mal uso, alteraci\u00f3n, acceso no autorizado y robo de los Datos Personales [&hellip;]<\/p>\n","protected":false},"author":1,"featured_media":0,"parent":0,"menu_order":0,"comment_status":"closed","ping_status":"closed","template":"","meta":{"footnotes":""},"class_list":["post-4780","page","type-page","status-publish","hentry"],"_links":{"self":[{"href":"https:\/\/www.imagineevents.es\/index.php?rest_route=\/wp\/v2\/pages\/4780","targetHints":{"allow":["GET"]}}],"collection":[{"href":"https:\/\/www.imagineevents.es\/index.php?rest_route=\/wp\/v2\/pages"}],"about":[{"href":"https:\/\/www.imagineevents.es\/index.php?rest_route=\/wp\/v2\/types\/page"}],"author":[{"embeddable":true,"href":"https:\/\/www.imagineevents.es\/index.php?rest_route=\/wp\/v2\/users\/1"}],"replies":[{"embeddable":true,"href":"https:\/\/www.imagineevents.es\/index.php?rest_route=%2Fwp%2Fv2%2Fcomments&post=4780"}],"version-history":[{"count":2,"href":"https:\/\/www.imagineevents.es\/index.php?rest_route=\/wp\/v2\/pages\/4780\/revisions"}],"predecessor-version":[{"id":5316,"href":"https:\/\/www.imagineevents.es\/index.php?rest_route=\/wp\/v2\/pages\/4780\/revisions\/5316"}],"wp:attachment":[{"href":"https:\/\/www.imagineevents.es\/index.php?rest_route=%2Fwp%2Fv2%2Fmedia&parent=4780"}],"curies":[{"name":"wp","href":"https:\/\/api.w.org\/{rel}","templated":true}]}}