{"id":4777,"date":"2014-12-10T10:13:56","date_gmt":"2014-12-10T10:13:56","guid":{"rendered":"http:\/\/localhost:8888\/wordpress\/?page_id=4777"},"modified":"2023-01-28T22:14:32","modified_gmt":"2023-01-28T21:14:32","slug":"proteccion-de-datos","status":"publish","type":"page","link":"https:\/\/www.imagineevents.es\/?page_id=4777","title":{"rendered":"Protecci\u00f3n de Datos"},"content":{"rendered":"<p style=\"text-align: justify;\">PROTECCI\u00d3N DE DATOS<\/p>\n<p style=\"text-align: justify;\">Para poder reservar productos y servicios que Imagine Events te ofrece a trav\u00e9s de este sitio Web, el usuario debe facilitar los datos de car\u00e1cter personal que se indican en el registro de inscripci\u00f3n. Estos datos son imprescindibles para poder prestar nuestros servicios y darles tr\u00e1mite (gesti\u00f3n y cobro), enviar informaci\u00f3n sobre las ofertas, promociones y recomendaciones, as\u00ed como confeccionar nuevos productos a partir de las preferencias de todos nuestros clientes.<\/p>\n<p style=\"text-align: justify;\">En cumplimiento de lo establecido en la Ley Org\u00e1nica 15\/1999, del 13 de diciembre, de Protecci\u00f3n de Datos de Car\u00e1cter Personal (\u00abLOPD\u00bb) de forma confidencial y con medidad de seguridad exigidas por el Real Decreto 1720\/2007, de 21 de diciembre, por el que se aprueba el Reglamento de desarrollo de la Ley Org\u00e1nica 15\/1999, de 13 de diciembre, de protecci\u00f3n de datos de car\u00e1cter personal. Es nuestro deber informarte que, tras la cumplimentaci\u00f3n del REGISTRO DE CLIENTES, tus datos personales quedar\u00e1n almacenados en ficheros mecanizados de los que es responsable IMAGINE EVENTS SLL.<\/p>\n<p style=\"text-align: justify;\">Los servicios, acceso a los contenidos y oferta de productos de esta web est\u00e1 exclusivamente dirigida a mayores de 18 a\u00f1os, por lo que cualquier persona que entregue sus datos personales, manifiesta tener dicha edad, quedando prohibido el uso de la p\u00e1gina web y la entrega de datos personales a personas menores de edad.<\/p>\n<p style=\"text-align: justify;\">De igual modo, te indicamos que estos ficheros se encuentran registrados en la Agencia de Protecci\u00f3n de Datos y que todos los procesos de obtenci\u00f3n, almacenamiento y mantenimiento se encuentran sometidos a los mecanismos de seguridad correspondientes seg\u00fan establece la ley.<\/p>\n<p style=\"text-align: justify;\">IMAGINE EVENTS SLL est\u00e1 obligada a comunicar a las compa\u00f1\u00edas proveedoras aquellos datos personales absolutamente imprescindibles para poder tramitar la reserva y los de car\u00e1cter opcional que reflejen tus preferencias para la prestaci\u00f3n espec\u00edfica y adecuada del servicio contratado. Para la utilizaci\u00f3n de nuestro sitio web es necesaria la utilizaci\u00f3n de cookies. Las cookies se utilizan con la finalidad de mantener informaci\u00f3n de estado mientras exploran diferentes p\u00e1ginas de nuestro sitio web o volver al sitio web en un momento posterior. Si usted lo desea puede configurar su navegador para ser avisado en pantalla de la recepci\u00f3n de cookies y para impedir la instalaci\u00f3n de cookies en su disco duro. Por favor, consulte las instrucciones y manuales de su navegador para ampliar esta informaci\u00f3n.<\/p>\n<p style=\"text-align: justify;\">Atendiendo al valor que tiene toda informaci\u00f3n personal, IMAGINE EVENTS SLL expresa su inter\u00e9s y respeto por ofrecer un tratamiento adecuado de la informaci\u00f3n del cliente y velar por sus intereses ante los proveedores que prestan los servicios tur\u00edsticos.<\/p>\n<p style=\"text-align: justify;\">Entendemos que toda la informaci\u00f3n proporcionada es veraz y se registra de forma voluntaria. De igual modo, en la contrataci\u00f3n del servicio o en reclamaciones al mismo y siempre seg\u00fan lo dispuesto en el art\u00edculo 34.e) de la LOPD, prestas tu consentimiento de forma impl\u00edcita para que podamos transferir tus datos a los destinatarios y en los t\u00e9rminos y condiciones anteriormente indicados.<\/p>\n<p style=\"text-align: justify;\">En cualquier caso, si deseas ejercer los derechos de acceso, rectificaci\u00f3n, cancelaci\u00f3n u oposici\u00f3n que la LOPD te otorga ponemos a su servicio nuestro buz\u00f3n de correo electr\u00f3nico imagine@imagineevents.es.<\/p>\n","protected":false},"excerpt":{"rendered":"<p>PROTECCI\u00d3N DE DATOS Para poder reservar productos y servicios que Imagine Events te ofrece a trav\u00e9s de este sitio Web, el usuario debe facilitar los datos de car\u00e1cter personal que se indican en el registro de inscripci\u00f3n. Estos datos son imprescindibles para poder prestar nuestros servicios y darles tr\u00e1mite (gesti\u00f3n y cobro), enviar informaci\u00f3n sobre [&hellip;]<\/p>\n","protected":false},"author":1,"featured_media":0,"parent":0,"menu_order":0,"comment_status":"closed","ping_status":"closed","template":"","meta":{"footnotes":""},"class_list":["post-4777","page","type-page","status-publish","hentry"],"_links":{"self":[{"href":"https:\/\/www.imagineevents.es\/index.php?rest_route=\/wp\/v2\/pages\/4777","targetHints":{"allow":["GET"]}}],"collection":[{"href":"https:\/\/www.imagineevents.es\/index.php?rest_route=\/wp\/v2\/pages"}],"about":[{"href":"https:\/\/www.imagineevents.es\/index.php?rest_route=\/wp\/v2\/types\/page"}],"author":[{"embeddable":true,"href":"https:\/\/www.imagineevents.es\/index.php?rest_route=\/wp\/v2\/users\/1"}],"replies":[{"embeddable":true,"href":"https:\/\/www.imagineevents.es\/index.php?rest_route=%2Fwp%2Fv2%2Fcomments&post=4777"}],"version-history":[{"count":3,"href":"https:\/\/www.imagineevents.es\/index.php?rest_route=\/wp\/v2\/pages\/4777\/revisions"}],"predecessor-version":[{"id":5314,"href":"https:\/\/www.imagineevents.es\/index.php?rest_route=\/wp\/v2\/pages\/4777\/revisions\/5314"}],"wp:attachment":[{"href":"https:\/\/www.imagineevents.es\/index.php?rest_route=%2Fwp%2Fv2%2Fmedia&parent=4777"}],"curies":[{"name":"wp","href":"https:\/\/api.w.org\/{rel}","templated":true}]}}