{"id":4773,"date":"2014-12-10T09:24:59","date_gmt":"2014-12-10T08:24:59","guid":{"rendered":"http:\/\/localhost:8888\/wordpress\/?page_id=4773"},"modified":"2023-07-26T17:52:12","modified_gmt":"2023-07-26T15:52:12","slug":"aviso-legal","status":"publish","type":"page","link":"https:\/\/www.imagineevents.es\/?page_id=4773","title":{"rendered":"Aviso Legal"},"content":{"rendered":"<p style=\"text-align: justify;\">CUMPLIMIENTO LSSI: ART\u00cdCULO 10 LEY 34\/2002, DE 11 DE JULIO, DE SERVICIOS A LA SOCIEDAD DE LA INFORMACI\u00d3N Y COMERCIO ELECTR\u00d3NICO.<\/p>\n<p style=\"text-align: justify;\">Titular de la p\u00e1gina web: IMAGINE EVENTS SLL \u00a0Direcci\u00f3n: C\/ Paseo de la Castellana, 141 \u00a0 &#8211; 28043 Madrid\u00a0\u00a0 \u2028CIF: B 86404225 \u2028Sociedad inscrita en el Registro Mercantil de Madrid a el 2 de agosto de 2000, Tomo- 15.652, Libro 0 de la Secci\u00f3n 8, Folio 83, Hoja n\u00ba M-263618, inscripci\u00f3n primera.<\/p>\n<p>Regida por la Ley 34\/2002, de 11 de julio, de servicios de la sociedad de la informaci\u00f3n y de comercio electr\u00f3nico y el Real Decreto-Ley 23\/2018, de 21 de diciembre, de transposici\u00f3n de directivas en materia de marcas, transporte ferroviario y viajes combinados y de servicios de viaje vinculados.<\/p>\n<p style=\"text-align: justify;\">\u00a0RESPONSABILIDAD SOBRE LOS CONTENIDOS Y PROPIEDAD INTELECTUAL<\/p>\n<p style=\"text-align: justify;\">Queda prohibido cualquier uso de todos los contenidos de la P\u00e1gina Web, especialmente textos, dise\u00f1o, obras, marcas, logotipos y cualquier otro susceptible de protecci\u00f3n, sin la autorizaci\u00f3n expresa de sus titulares. Cualquier uso no permitido ser\u00e1 debidamente perseguido por los leg\u00edtimos propietarios.<\/p>\n<p style=\"text-align: justify;\">El titular de la P\u00e1gina Web no se hace responsable de los contenidos a los que se dirigen los enlaces ubicados en \u00e9sta, ni de los comentarios en la misma, seg\u00fan lo establecido en el art\u00edculo 17 de la LSSICE.<\/p>\n<p style=\"text-align: justify;\">IMAGINE EVENTS SLL no concede ning\u00fan tipo de licencia o autorizaci\u00f3n de uso personal al Usuario sobre sus derechos de propiedad intelectual e industrial o sobre cualquier otro derecho relacionado con su p\u00e1gina web y los servicios ofrecidos en la misma.<\/p>\n<p style=\"text-align: justify;\">Por ello, el Usuario reconoce que la reproducci\u00f3n, distribuci\u00f3n, comercializaci\u00f3n, transformaci\u00f3n, y en general, cualquier otra forma de explotaci\u00f3n, por cualquier procedimiento, de todo o parte de los contenidos de esta parte de la p\u00e1gina web constituye una infracci\u00f3n de los derechos de propiedad intelectual, pudiendo dar lugar al ejercicio por parte de IMAGINE EVENTS de todas las acciones judiciales o extrajudiciales que pudieran corresponder en ejercicio de sus derechos.<\/p>\n<p style=\"text-align: justify;\">IMAGINE EVENTS SLL no ser\u00e1 responsable en ning\u00fan caso y bajo ning\u00fan concepto de las infracciones que pueda cometer el usuario en relaci\u00f3n con estos derechos.<\/p>\n<p style=\"text-align: justify;\">El uso del correo electr\u00f3nico via internet no permite asegurar ni la confidencialidad de los mensajes ni su correcta recepci\u00f3n. En el caso de que el destinatario no consistiera la utilizaci\u00f3n del correo electr\u00f3nico , deber\u00e1 ponerlo en nuestro conocimiento. IMAGINE EVENTS SLL se reserva el derecho de modificar el aviso general que se expone en este documento sin previo aviso.<\/p>\n<p style=\"text-align: justify;\">LEGISLACI\u00d3N APLICABLE Y JURISDICCI\u00d3N COMPETENTE.<\/p>\n<p style=\"text-align: justify;\">La presente pol\u00edtica legal queda sujeta a lo establecido en las leyes espa\u00f1olas. Para cualquier conflicto derivado de la interpretaci\u00f3n de las mismas, las partes se someten a la jurisdicci\u00f3n de los Tribunales de la ciudad de Madrid, siempre que ello no sea contrario a lo dispuesto en el art\u00edculo 29 de la LSSI.<\/p>\n<p style=\"text-align: justify;\">CONDICIONES PARTICULARES.<\/p>\n<p style=\"text-align: justify;\">Este aviso legal es de aplicaci\u00f3n para cualquier usuario que acceda a la p\u00e1gina web.<\/p>\n<p style=\"text-align: justify;\">Los usuarios que entreguen sus datos personales para cualquiera de las funcionalidades de nuestra p\u00e1gina web, deber\u00e1n aceptar la Pol\u00edtica de Privacidad.<\/p>\n<p style=\"text-align: justify;\"><span style=\"color: #808080;\">\u00a0<\/span><\/p>\n","protected":false},"excerpt":{"rendered":"<p>CUMPLIMIENTO LSSI: ART\u00cdCULO 10 LEY 34\/2002, DE 11 DE JULIO, DE SERVICIOS A LA SOCIEDAD DE LA INFORMACI\u00d3N Y COMERCIO ELECTR\u00d3NICO. Titular de la p\u00e1gina web: IMAGINE EVENTS SLL \u00a0Direcci\u00f3n: C\/ Paseo de la Castellana, 141 \u00a0 &#8211; 28043 Madrid\u00a0\u00a0 \u2028CIF: B 86404225 \u2028Sociedad inscrita en el Registro Mercantil de Madrid a el 2 de [&hellip;]<\/p>\n","protected":false},"author":1,"featured_media":0,"parent":0,"menu_order":0,"comment_status":"closed","ping_status":"closed","template":"","meta":{"footnotes":""},"class_list":["post-4773","page","type-page","status-publish","hentry"],"_links":{"self":[{"href":"https:\/\/www.imagineevents.es\/index.php?rest_route=\/wp\/v2\/pages\/4773","targetHints":{"allow":["GET"]}}],"collection":[{"href":"https:\/\/www.imagineevents.es\/index.php?rest_route=\/wp\/v2\/pages"}],"about":[{"href":"https:\/\/www.imagineevents.es\/index.php?rest_route=\/wp\/v2\/types\/page"}],"author":[{"embeddable":true,"href":"https:\/\/www.imagineevents.es\/index.php?rest_route=\/wp\/v2\/users\/1"}],"replies":[{"embeddable":true,"href":"https:\/\/www.imagineevents.es\/index.php?rest_route=%2Fwp%2Fv2%2Fcomments&post=4773"}],"version-history":[{"count":5,"href":"https:\/\/www.imagineevents.es\/index.php?rest_route=\/wp\/v2\/pages\/4773\/revisions"}],"predecessor-version":[{"id":5325,"href":"https:\/\/www.imagineevents.es\/index.php?rest_route=\/wp\/v2\/pages\/4773\/revisions\/5325"}],"wp:attachment":[{"href":"https:\/\/www.imagineevents.es\/index.php?rest_route=%2Fwp%2Fv2%2Fmedia&parent=4773"}],"curies":[{"name":"wp","href":"https:\/\/api.w.org\/{rel}","templated":true}]}}